{"id":328,"date":"2016-10-10T10:45:20","date_gmt":"2016-10-10T10:45:20","guid":{"rendered":"http:\/\/las-akustika.lt\/?page_id=328"},"modified":"2019-05-07T11:16:53","modified_gmt":"2019-05-07T09:16:53","slug":"renginiai","status":"publish","type":"page","link":"https:\/\/las-akustika.lt\/index.php\/renginiai\/","title":{"rendered":"Renginiai"},"content":{"rendered":"<p><span style=\"color: #333333;\">\u0160\u012f m\u0117nes\u012f n\u0117ra rengini\u0173. <\/span><\/p>\n<p><a href=\"https:\/\/las-akustika.lt\/index.php\/events\/menuo\/\">Per\u017ei\u016br\u0117ti rengini\u0173 kalendori\u0173<\/a>&#8230;<\/p>\n","protected":false},"excerpt":{"rendered":"<p>\u0160\u012f m\u0117nes\u012f n\u0117ra rengini\u0173. Per\u017ei\u016br\u0117ti rengini\u0173 kalendori\u0173&#8230;<\/p>\n","protected":false},"author":1,"featured_media":0,"parent":0,"menu_order":0,"comment_status":"closed","ping_status":"closed","template":"","meta":{"footnotes":""},"class_list":["post-328","page","type-page","status-publish","hentry"],"_links":{"self":[{"href":"https:\/\/las-akustika.lt\/index.php\/wp-json\/wp\/v2\/pages\/328","targetHints":{"allow":["GET"]}}],"collection":[{"href":"https:\/\/las-akustika.lt\/index.php\/wp-json\/wp\/v2\/pages"}],"about":[{"href":"https:\/\/las-akustika.lt\/index.php\/wp-json\/wp\/v2\/types\/page"}],"author":[{"embeddable":true,"href":"https:\/\/las-akustika.lt\/index.php\/wp-json\/wp\/v2\/users\/1"}],"replies":[{"embeddable":true,"href":"https:\/\/las-akustika.lt\/index.php\/wp-json\/wp\/v2\/comments?post=328"}],"version-history":[{"count":73,"href":"https:\/\/las-akustika.lt\/index.php\/wp-json\/wp\/v2\/pages\/328\/revisions"}],"predecessor-version":[{"id":2307,"href":"https:\/\/las-akustika.lt\/index.php\/wp-json\/wp\/v2\/pages\/328\/revisions\/2307"}],"wp:attachment":[{"href":"https:\/\/las-akustika.lt\/index.php\/wp-json\/wp\/v2\/media?parent=328"}],"curies":[{"name":"wp","href":"https:\/\/api.w.org\/{rel}","templated":true}]}}