{"id":53,"date":"2016-08-22T19:39:36","date_gmt":"2016-08-22T19:39:36","guid":{"rendered":"http:\/\/las-akustika.lt\/?page_id=53"},"modified":"2017-02-27T15:49:39","modified_gmt":"2017-02-27T13:49:39","slug":"kontaktai","status":"publish","type":"page","link":"https:\/\/las-akustika.lt\/index.php\/kontaktai\/","title":{"rendered":"Kontaktai"},"content":{"rendered":"<p><div id=\"simple-contact-form-wrap\">Nor\u0117dami i\u0161si\u0173sti \u017einut\u0119, u\u017epildykite \u0161i\u0105 form\u0105. \r\nB\u016btini laukeliai pa\u017eym\u0117ti *\r\n\t\t<div id=\"simple-contact-form\" class=\"scf\">\r\n\t\t\t<form action=\"#simple-contact-form-wrap\" method=\"post\">\r\n\t\t\t\t<div class=\"scf-row scf-name\">\r\n\t\t\t\t\t<label for=\"scf_name\">J\u016bs\u0173 vardas *<\/label>\r\n\t\t\t\t\t<input name=\"scf_name\" id=\"scf_name\" type=\"text\" size=\"33\" maxlength=\"99\" value=\"\" placeholder=\"\u012fveskite savo vard\u0105\" \/>\r\n\t\t\t\t<\/div>\r\n\t\t\t\t<div class=\"scf-row scf-email\">\r\n\t\t\t\t\t<label for=\"scf_email\">J\u016bs\u0173 el. pa\u0161tas *<\/label>\r\n\t\t\t\t\t<input name=\"scf_email\" id=\"scf_email\" type=\"text\" size=\"33\" maxlength=\"99\" value=\"\" placeholder=\"\u012fveskite savo el. pa\u0161to adres\u0105\" \/>\r\n\t\t\t\t<\/div>\r\n\t\t\t\t<div class=\"scf-row scf-response\">\r\n\t\t\t\t\t<label for=\"scf_response\">1 + 4 =<\/label>\r\n\t\t\t\t\t<input name=\"scf_response\" id=\"scf_response\" type=\"text\" size=\"33\" maxlength=\"99\" value=\"\" placeholder=\"\u012eveskite teising\u0105 atsakym\u0105 *\" \/>\r\n\t\t\t\t<\/div>\r\n\t\t\t\t<div class=\"scf-row scf-message\">\r\n\t\t\t\t\t<label for=\"scf_message\">J\u016bs\u0173 \u017einut\u0117 *<\/label>\r\n\t\t\t\t\t<textarea name=\"scf_message\" id=\"scf_message\" cols=\"33\" rows=\"7\" placeholder=\"\u012fveskite \u017einut\u0119\"><\/textarea>\r\n\t\t\t\t<\/div><div class=\"scf-submit\">\r\n\t\t\t\t\t<input type=\"submit\" id=\"scf-button\" value=\"\">\r\n\t\t\t\t\t<input type=\"hidden\" id=\"scf-key\" name=\"scf-key\" value=\"process\">\r\n\t\t\t\t\t<input type=\"hidden\" id=\"scf-nonce\" name=\"scf-nonce\" value=\"61c61927e9\" \/>\r\n\t\t\t\t<\/div>\t<div class=\"scf-confirm-checkbox\">\r\n\t\t<label><input type=\"checkbox\" required> Sutinku, jog \u0161i svetain\u0117 saugot\u0173 pateikt\u0105 informacij\u0105, kad gal\u0117t\u0173 atsakyti \u012f mano u\u017eklaus\u0105.<\/label>\r\n\t<\/div><!-- .scf-confirm-checkbox -->\r\n\t<\/form>\r\n\t\t<\/div>\r\n\t\t<style>.scf-confirm-checkbox { margin-top: 15px; } .scf-website3dhhsy3 { display: none; } #simple-contact-form .scf-row { width: 100%; overflow: hidden; margin: 5px 0; padding: 5px 0; border: 0; } #simple-contact-form .scf-row input { box-sizing: border-box; float: left; clear: none; width: 75%; margin: 0; } #simple-contact-form .scf-row label { box-sizing: border-box; float: left; clear: both; width: 25%; margin-top: 5px; font-size: 90%; } #simple-contact-form .scf-row textarea { box-sizing: border-box; float: left; clear: both; width: 100%; margin-top: 2px; }#simple-contact-form fieldset { width: 100%; overflow: hidden; margin: 5px 0; padding: 5px 0; border: 0; } #simple-contact-form fieldset input { float: left; width: 60%; } #simple-contact-form textarea { float: left; clear: both; width: 95%; } #simple-contact-form label { float: left; clear: both; width: 30%; margin-top: 3px; line-height: 1.8; font-size: 90%; } #scf_success pre { white-space: pre-wrap; }<\/style><div style='clear:both'>&nbsp;<\/div>\r\nD\u0117kojame u\u017e J\u016bs\u0173 \u017einut\u0119.<\/div><br \/>\n<!--?php if (function_exists('simple_contact_form')) simple_contact_form(); ?--><\/p>\n<p>Mus galite rasti ir\u00a0 <a href=\"https:\/\/www.facebook.com\/las.akustika\/\" target=\"_blank\">facebook&#8217;e <\/a><\/p>\n","protected":false},"excerpt":{"rendered":"<p>Mus galite rasti ir\u00a0 facebook&#8217;e<\/p>\n","protected":false},"author":1,"featured_media":0,"parent":0,"menu_order":0,"comment_status":"closed","ping_status":"closed","template":"template-without-title.php","meta":{"footnotes":""},"class_list":["post-53","page","type-page","status-publish","hentry"],"_links":{"self":[{"href":"https:\/\/las-akustika.lt\/index.php\/wp-json\/wp\/v2\/pages\/53","targetHints":{"allow":["GET"]}}],"collection":[{"href":"https:\/\/las-akustika.lt\/index.php\/wp-json\/wp\/v2\/pages"}],"about":[{"href":"https:\/\/las-akustika.lt\/index.php\/wp-json\/wp\/v2\/types\/page"}],"author":[{"embeddable":true,"href":"https:\/\/las-akustika.lt\/index.php\/wp-json\/wp\/v2\/users\/1"}],"replies":[{"embeddable":true,"href":"https:\/\/las-akustika.lt\/index.php\/wp-json\/wp\/v2\/comments?post=53"}],"version-history":[{"count":5,"href":"https:\/\/las-akustika.lt\/index.php\/wp-json\/wp\/v2\/pages\/53\/revisions"}],"predecessor-version":[{"id":645,"href":"https:\/\/las-akustika.lt\/index.php\/wp-json\/wp\/v2\/pages\/53\/revisions\/645"}],"wp:attachment":[{"href":"https:\/\/las-akustika.lt\/index.php\/wp-json\/wp\/v2\/media?parent=53"}],"curies":[{"name":"wp","href":"https:\/\/api.w.org\/{rel}","templated":true}]}}