{"id":68,"date":"2016-08-23T10:46:57","date_gmt":"2016-08-23T10:46:57","guid":{"rendered":"http:\/\/las-akustika.lt\/?page_id=68"},"modified":"2018-01-25T14:10:21","modified_gmt":"2018-01-25T12:10:21","slug":"las-akustiku-sajunga","status":"publish","type":"page","link":"https:\/\/las-akustika.lt\/index.php\/las-akustiku-sajunga\/","title":{"rendered":"Apie LAS"},"content":{"rendered":"<p style=\"text-align: justify;\">Lietuvos akustik\u0173 s\u0105junga (LAS) yra \u012fvairiose akustikos srityse dirban\u010di\u0173 mokslinink\u0173 ir profesional\u0173 profesin\u0117 bendrija. LAS siekia telkti savo narius, atstovauti j\u0173 interesams, didinti akustikos mokslo ir profesin\u0117s srities presti\u017e\u0105, skleisti visuomenei \u017einias apie akustik\u0105. LAS naryst\u0117 tarptautin\u0117se organizacijose:<\/p>\n<ul style=\"text-align: justify;\">\n<li>Asocijuotas Europos akustik\u0173 s\u0105jungos (EAA \u2013 The European Acoustics Association) narys<\/li>\n<li>Tarptautin\u0117s akustik\u0173 komisijos (ICA \u2013 The International Congress on Acoustics) narys<\/li>\n<li>Tarptautinio in\u017einerinio triuk\u0161mo valdymo instituto (I-INCE \u2013 The International Institute of Noise Control Engineering) narys<\/li>\n<\/ul>\n<p style=\"text-align: justify;\">LAS atlieka svarb\u0173 vaidmen\u012f organizuojant tarptautinius akustikos renginius. 2012 metais Vilniuje surengtas devynioliktasis tarptautinis garso ir vibracij\u0173 kongresas (ICSV19 \u2013 The 19th international congress on sound and vibration), kuriame dalyvavavo daugiau kaip 400 dalyvi\u0173 i\u0161 viso pasaulio. 2014 metais Vilniuje vyko Tarptautinio FP7 mokslo projekto X-Noise EV dalyvi\u0173 ir Europos aviacijos s\u0105jung\u0173 tarybos (CEAS) akustikos darbo grupi\u0173 kasmetinis susitikimas.<\/p>\n","protected":false},"excerpt":{"rendered":"<p>Lietuvos akustik\u0173 s\u0105junga (LAS) yra \u012fvairiose akustikos srityse dirban\u010di\u0173 mokslinink\u0173 ir profesional\u0173 profesin\u0117 bendrija. LAS siekia telkti savo narius, atstovauti j\u0173 interesams, didinti akustikos mokslo ir profesin\u0117s srities presti\u017e\u0105, skleisti visuomenei \u017einias apie akustik\u0105. LAS naryst\u0117 tarptautin\u0117se organizacijose: Asocijuotas Europos&#8230;<br \/><a class=\"read-more-button\" href=\"https:\/\/las-akustika.lt\/index.php\/las-akustiku-sajunga\/\">Skaityti  daugiau<\/a><\/p>\n","protected":false},"author":1,"featured_media":0,"parent":0,"menu_order":0,"comment_status":"closed","ping_status":"closed","template":"","meta":{"footnotes":""},"class_list":["post-68","page","type-page","status-publish","hentry"],"_links":{"self":[{"href":"https:\/\/las-akustika.lt\/index.php\/wp-json\/wp\/v2\/pages\/68","targetHints":{"allow":["GET"]}}],"collection":[{"href":"https:\/\/las-akustika.lt\/index.php\/wp-json\/wp\/v2\/pages"}],"about":[{"href":"https:\/\/las-akustika.lt\/index.php\/wp-json\/wp\/v2\/types\/page"}],"author":[{"embeddable":true,"href":"https:\/\/las-akustika.lt\/index.php\/wp-json\/wp\/v2\/users\/1"}],"replies":[{"embeddable":true,"href":"https:\/\/las-akustika.lt\/index.php\/wp-json\/wp\/v2\/comments?post=68"}],"version-history":[{"count":8,"href":"https:\/\/las-akustika.lt\/index.php\/wp-json\/wp\/v2\/pages\/68\/revisions"}],"predecessor-version":[{"id":1111,"href":"https:\/\/las-akustika.lt\/index.php\/wp-json\/wp\/v2\/pages\/68\/revisions\/1111"}],"wp:attachment":[{"href":"https:\/\/las-akustika.lt\/index.php\/wp-json\/wp\/v2\/media?parent=68"}],"curies":[{"name":"wp","href":"https:\/\/api.w.org\/{rel}","templated":true}]}}