{"id":72,"date":"2016-08-23T10:57:57","date_gmt":"2016-08-23T10:57:57","guid":{"rendered":"http:\/\/las-akustika.lt\/?page_id=72"},"modified":"2021-07-08T15:17:55","modified_gmt":"2021-07-08T13:17:55","slug":"garbes-prezidentas","status":"publish","type":"page","link":"https:\/\/las-akustika.lt\/index.php\/las-akustiku-sajunga\/garbes-prezidentas\/","title":{"rendered":"Garb\u0117s prezidentas"},"content":{"rendered":"<h6 style=\"text-align: left;\"><\/h6>\n<h1 style=\"text-align: center;\"><span style=\"color: #000000;\"><strong>Danielius Gu\u017eas<\/strong><\/span><\/h1>\n<h2 style=\"text-align: center;\"><img loading=\"lazy\" decoding=\"async\" class=\"wp-image-2110 size-medium aligncenter\" src=\"https:\/\/las-akustika.lt\/wp-content\/uploads\/2021\/07\/DG_202008-wb-249x300.jpg\" alt=\"\" width=\"249\" height=\"300\" srcset=\"https:\/\/las-akustika.lt\/wp-content\/uploads\/2021\/07\/DG_202008-wb-249x300.jpg 249w, https:\/\/las-akustika.lt\/wp-content\/uploads\/2021\/07\/DG_202008-wb.jpg 390w\" sizes=\"auto, (max-width: 249px) 100vw, 249px\" \/><\/h2>\n<h3 style=\"text-align: center;\">1929-2020<\/h3>\n<h2><\/h2>\n<p style=\"text-align: left;\">Profesorius habil. dr. Danielius Gu\u017eas \u2013 Lietuvos akustik\u0173 s\u0105jungos \u012fk\u016br\u0117jas ir ilgametis vadovas, Lietuvos in\u017einierius mechanikas, habilituotas technologijos moksl\u0173 daktaras.<\/p>\n<p style=\"text-align: left;\">D. Gu\u017eas gim\u0117 1929 m. bir\u017eelio 20 d. Si\u010di\u016bnuose, Panemunio vals\u010diuje.<\/p>\n<p style=\"text-align: left;\">1954\u00a0m. baig\u0117 Lietuvos \u017eem\u0117s \u016bkio akademij\u0105. 1997\u00a0m. habilituotas technologijos moksl\u0173 daktaras.<br \/>\n1957\u20131964\u00a0m. Vilniaus politechnikumo, 1969\u20131994\u00a0m. Vilniaus in\u017einerinio statybos instituto (nuo 1990\u00a0m. Vilniaus Gedimino technikos universitetas), 1994\u20131996\u00a0m. \u2013 Lietuvos \u017eem\u0117s \u016bkio akademijos d\u0117stytojas; nuo 1978\u00a0m. doc\u00aden\u00adtas.<br \/>\n1992\u20131994 skait\u0117 paskaitas Vasedos universitete (Japonija).<\/p>\n<p style=\"text-align: left;\">1990-2016 m. Lietuvos akustik\u0173 s\u0105jungos prezidentas. 2016-2020 m. Lietuvos akustik\u0173 s\u0105jungos Garb\u0117s prezidentas.<\/p>\n<p>Profesorius habil. dr. Danielius Gu\u017eas mir\u0117 2020 m. rugpj\u016b\u010dio 8 d. eidamas 92\u2011uosius metus.<\/p>\n<p style=\"text-align: left;\">Svarbiausia mokslini\u0173 tyrim\u0173 sritis \u2013 aplinkos ir gamybinio triuk\u0161mo ma\u00ad\u017ei\u00adni\u00admo metodai ir priemon\u0117s, 3 i\u0161radim\u0173 autorius.<\/p>\n<p style=\"text-align: left;\">Bibliografija:<\/p>\n<ul>\n<li style=\"text-align: left;\">Pagrindiniai kovos su gamybiniu triuk\u0161mu metodai, 1968 m., rus\u0173\u00a0\u00a0k.<\/li>\n<li style=\"text-align: left;\">Triuk\u0161mo ma\u017einimo sprendiniai pramon\u0117s \u012fmoni\u0173 projektuose, 1973 m.<\/li>\n<li style=\"text-align: left;\">Garso izoliacija ma\u0161in\u0173 gamyboje, su L. Borisovu, 1990 m., rus\u0173 k.<\/li>\n<li style=\"text-align: left;\">Triuk\u0161mo sklidimas cilindriniais vamzd\u017eiais ir jo ma\u017einimo b\u016bdai, 1994 m., angl\u0173 k.<\/li>\n<\/ul>\n<hr \/>\n","protected":false},"excerpt":{"rendered":"<p>Danielius Gu\u017eas 1929-2020 Profesorius habil. dr. Danielius Gu\u017eas \u2013 Lietuvos akustik\u0173 s\u0105jungos \u012fk\u016br\u0117jas ir ilgametis vadovas, Lietuvos in\u017einierius mechanikas, habilituotas technologijos moksl\u0173 daktaras. D. Gu\u017eas gim\u0117 1929 m. bir\u017eelio 20 d. Si\u010di\u016bnuose, Panemunio vals\u010diuje. 1954\u00a0m. baig\u0117 Lietuvos \u017eem\u0117s \u016bkio akademij\u0105&#8230;.<br \/><a class=\"read-more-button\" href=\"https:\/\/las-akustika.lt\/index.php\/las-akustiku-sajunga\/garbes-prezidentas\/\">Skaityti  daugiau<\/a><\/p>\n","protected":false},"author":1,"featured_media":0,"parent":68,"menu_order":1,"comment_status":"closed","ping_status":"closed","template":"","meta":{"footnotes":""},"class_list":["post-72","page","type-page","status-publish","hentry"],"_links":{"self":[{"href":"https:\/\/las-akustika.lt\/index.php\/wp-json\/wp\/v2\/pages\/72","targetHints":{"allow":["GET"]}}],"collection":[{"href":"https:\/\/las-akustika.lt\/index.php\/wp-json\/wp\/v2\/pages"}],"about":[{"href":"https:\/\/las-akustika.lt\/index.php\/wp-json\/wp\/v2\/types\/page"}],"author":[{"embeddable":true,"href":"https:\/\/las-akustika.lt\/index.php\/wp-json\/wp\/v2\/users\/1"}],"replies":[{"embeddable":true,"href":"https:\/\/las-akustika.lt\/index.php\/wp-json\/wp\/v2\/comments?post=72"}],"version-history":[{"count":22,"href":"https:\/\/las-akustika.lt\/index.php\/wp-json\/wp\/v2\/pages\/72\/revisions"}],"predecessor-version":[{"id":2113,"href":"https:\/\/las-akustika.lt\/index.php\/wp-json\/wp\/v2\/pages\/72\/revisions\/2113"}],"up":[{"embeddable":true,"href":"https:\/\/las-akustika.lt\/index.php\/wp-json\/wp\/v2\/pages\/68"}],"wp:attachment":[{"href":"https:\/\/las-akustika.lt\/index.php\/wp-json\/wp\/v2\/media?parent=72"}],"curies":[{"name":"wp","href":"https:\/\/api.w.org\/{rel}","templated":true}]}}